{"id":83,"date":"2025-11-25T13:14:21","date_gmt":"2025-11-25T19:14:21","guid":{"rendered":"https:\/\/bionicoslolita.directorio-comercial.com\/?page_id=83"},"modified":"2025-11-25T13:14:21","modified_gmt":"2025-11-25T19:14:21","slug":"como-llegar","status":"publish","type":"page","link":"https:\/\/bionicoslolita.directorio-comercial.com\/?page_id=83","title":{"rendered":"Como llegar"},"content":{"rendered":"\n<div class=\"wp-block-group alignfull has-body-text-color has-text-color has-background has-link-color wp-elements-b752f6a924e089ae6545261d160a1b3b has-global-padding is-layout-constrained wp-container-core-group-is-layout-7db9d80f wp-block-group-is-layout-constrained\" style=\"background-color:#faf7f9;padding-right:0;padding-left:0\">\n<div class=\"wp-block-group alignfull is-nowrap is-layout-flex wp-container-core-group-is-layout-6c531013 wp-block-group-is-layout-flex\">\n<h2 class=\"wp-block-heading is-style-default has-text-color has-background has-link-color wp-elements-cf5de7c01fd379cacc2fea35f9d44855\" style=\"border-bottom-right-radius:29px;color:#faf7f9;background-color:#e64343;margin-top:0;margin-right:0;margin-bottom:0;margin-left:0;padding-top:var(--wp--preset--spacing--20);padding-right:var(--wp--preset--spacing--30);padding-bottom:var(--wp--preset--spacing--20);padding-left:var(--wp--preset--spacing--30)\">\u00bfD\u00f3nde puedes encontrarnos?<\/h2>\n\n\n\n<div class=\"wp-block-group has-global-padding is-layout-constrained wp-block-group-is-layout-constrained\"><\/div>\n<\/div>\n\n\n\n<div class=\"wp-block-group has-global-padding is-layout-constrained wp-container-core-group-is-layout-e0082cf6 wp-block-group-is-layout-constrained\">\n<iframe src=\"https:\/\/www.google.com\/maps\/embed?pb=!1m18!1m12!1m3!1d549.3347111273475!2d-102.27887224094582!3d22.146223471685214!2m3!1f0!2f0!3f0!3m2!1i1024!2i768!4f13.1!3m3!1m2!1s0x8429e298bc9c26b1%3A0x1c1f0471e7549703!2sC.%20Revoluci%C3%B3n%201%2C%20Zona%20Centro%2C%2020670%20Pabell%C3%B3n%20de%20Arteaga%2C%20Ags.!5e0!3m2!1ses-419!2smx!4v1764097744461!5m2!1ses-419!2smx\" width=\"350\" height=\"350\" style=\"border:0;\" allowfullscreen=\"\" loading=\"lazy\" referrerpolicy=\"no-referrer-when-downgrade\"><\/iframe>\n<\/div>\n\n\n\n<div class=\"wp-block-group alignfull is-content-justification-right is-nowrap is-layout-flex wp-container-core-group-is-layout-17124a9a wp-block-group-is-layout-flex\">\n<div class=\"wp-block-group has-global-padding is-layout-constrained wp-block-group-is-layout-constrained\"><\/div>\n\n\n\n<h2 class=\"wp-block-heading has-text-color has-background has-link-color wp-elements-9910e22771d0149d4d43aba06b2c4020\" style=\"border-bottom-left-radius:29px;color:#faf7f9;background-color:#e64343;margin-top:0;margin-right:0;margin-bottom:0;margin-left:0;padding-top:var(--wp--preset--spacing--10);padding-right:var(--wp--preset--spacing--40);padding-bottom:var(--wp--preset--spacing--10);padding-left:var(--wp--preset--spacing--40)\">Ven y con\u00f3cenos<\/h2>\n<\/div>\n\n\n\n<div class=\"wp-block-group has-global-padding is-layout-constrained wp-container-core-group-is-layout-e0082cf6 wp-block-group-is-layout-constrained\">\n<div class=\"wp-block-buttons is-content-justification-center is-layout-flex wp-container-core-buttons-is-layout-a89b3969 wp-block-buttons-is-layout-flex\">\n<div class=\"wp-block-button\"><a class=\"wp-block-button__link has-background has-medium-font-size has-custom-font-size wp-element-button\" href=\"https:\/\/www.google.com\/maps\/dir\/?api=1&amp;destination=Avenida+Revoluci\u00f3n+1%2C+20676+Pabell\u00f3n+de+Arteaga%2C+M\u00e9xico&amp;travelmode=driving\" style=\"background-color:#7aa743\">Haz clic aqu\u00ed<\/a><\/div>\n<\/div>\n<\/div>\n<\/div>\n","protected":false},"excerpt":{"rendered":"<p>\u00bfD\u00f3nde puedes encontrarnos? Ven y con\u00f3cenos<\/p>\n","protected":false},"author":1,"featured_media":0,"parent":0,"menu_order":0,"comment_status":"closed","ping_status":"closed","template":"","meta":{"_acf_changed":false,"footnotes":""},"class_list":["post-83","page","type-page","status-publish","hentry"],"acf":[],"_links":{"self":[{"href":"https:\/\/bionicoslolita.directorio-comercial.com\/index.php?rest_route=\/wp\/v2\/pages\/83","targetHints":{"allow":["GET"]}}],"collection":[{"href":"https:\/\/bionicoslolita.directorio-comercial.com\/index.php?rest_route=\/wp\/v2\/pages"}],"about":[{"href":"https:\/\/bionicoslolita.directorio-comercial.com\/index.php?rest_route=\/wp\/v2\/types\/page"}],"author":[{"embeddable":true,"href":"https:\/\/bionicoslolita.directorio-comercial.com\/index.php?rest_route=\/wp\/v2\/users\/1"}],"replies":[{"embeddable":true,"href":"https:\/\/bionicoslolita.directorio-comercial.com\/index.php?rest_route=%2Fwp%2Fv2%2Fcomments&post=83"}],"version-history":[{"count":1,"href":"https:\/\/bionicoslolita.directorio-comercial.com\/index.php?rest_route=\/wp\/v2\/pages\/83\/revisions"}],"predecessor-version":[{"id":84,"href":"https:\/\/bionicoslolita.directorio-comercial.com\/index.php?rest_route=\/wp\/v2\/pages\/83\/revisions\/84"}],"wp:attachment":[{"href":"https:\/\/bionicoslolita.directorio-comercial.com\/index.php?rest_route=%2Fwp%2Fv2%2Fmedia&parent=83"}],"curies":[{"name":"wp","href":"https:\/\/api.w.org\/{rel}","templated":true}]}}