{"id":15,"date":"2025-11-25T02:45:43","date_gmt":"2025-11-25T08:45:43","guid":{"rendered":"https:\/\/bionicoslolita.directorio-comercial.com\/?page_id=15"},"modified":"2025-12-04T02:13:01","modified_gmt":"2025-12-04T08:13:01","slug":"inicio","status":"publish","type":"page","link":"https:\/\/bionicoslolita.directorio-comercial.com\/","title":{"rendered":"Inicio"},"content":{"rendered":"\n<div class=\"gb-element-c012d51c\">\n<img loading=\"lazy\" decoding=\"async\" width=\"1583\" height=\"635\" data-media-id=\"28\" class=\"gb-media-801db706\" alt=\"\" src=\"https:\/\/bionicoslolita.directorio-comercial.com\/wp-content\/uploads\/2025\/11\/POSTER.png\" srcset=\"https:\/\/bionicoslolita.directorio-comercial.com\/wp-content\/uploads\/2025\/11\/POSTER.png 1583w, https:\/\/bionicoslolita.directorio-comercial.com\/wp-content\/uploads\/2025\/11\/POSTER-300x120.png 300w, https:\/\/bionicoslolita.directorio-comercial.com\/wp-content\/uploads\/2025\/11\/POSTER-1024x411.png 1024w, https:\/\/bionicoslolita.directorio-comercial.com\/wp-content\/uploads\/2025\/11\/POSTER-768x308.png 768w, https:\/\/bionicoslolita.directorio-comercial.com\/wp-content\/uploads\/2025\/11\/POSTER-1536x616.png 1536w\" sizes=\"auto, (max-width: 1583px) 100vw, 1583px\" \/>\n<\/div>\n\n\n\n<h2 class=\"wp-block-heading has-text-align-center\">S\u00faper Bi\u00f3nicos Lolita<\/h2>\n\n\n\n<div class=\"wp-block-group alignwide has-global-padding is-layout-constrained wp-container-core-group-is-layout-47dd04f3 wp-block-group-is-layout-constrained\">\n<div>\n<div class=\"gb-element-b291b625\">\n<div class=\"gb-element-fdab80ed\">\n<img loading=\"lazy\" decoding=\"async\" width=\"1638\" height=\"2048\" data-media-id=\"35\" class=\"gb-media-95be1f2c\" alt=\"\" src=\"https:\/\/bionicoslolita.directorio-comercial.com\/wp-content\/uploads\/2025\/11\/2.jpg\" srcset=\"https:\/\/bionicoslolita.directorio-comercial.com\/wp-content\/uploads\/2025\/11\/2.jpg 1638w, https:\/\/bionicoslolita.directorio-comercial.com\/wp-content\/uploads\/2025\/11\/2-240x300.jpg 240w, https:\/\/bionicoslolita.directorio-comercial.com\/wp-content\/uploads\/2025\/11\/2-819x1024.jpg 819w, https:\/\/bionicoslolita.directorio-comercial.com\/wp-content\/uploads\/2025\/11\/2-768x960.jpg 768w, https:\/\/bionicoslolita.directorio-comercial.com\/wp-content\/uploads\/2025\/11\/2-1229x1536.jpg 1229w\" sizes=\"auto, (max-width: 1638px) 100vw, 1638px\" \/>\n<\/div>\n\n\n\n<div>\n<p class=\"gb-text gb-text-8bfa8d8f\">S\u00faper Bi\u00f3nicos Lolita ofrece deliciosos bi\u00f3nicos preparados con fruta fresca, combinados con su crema especial y complementos como granola y miel, creando un antojo dulce y refrescante. Atienden directamente en su local ubicado en el centro de Pabell\u00f3n de Arteaga y cuentan con horario vespertino todos los d\u00edas.<\/p>\n<\/div>\n<\/div>\n<\/div>\n\n\n\n<div style=\"height:20px\" aria-hidden=\"true\" class=\"wp-block-spacer\"><\/div>\n\n\n\n<div>\n<div class=\"gb-element-12661cc8\">\n<div>\n<p class=\"gb-text gb-text-106f0838\">Tambi\u00e9n ofrecen pedidos para llevar y servicio a domicilio, brindando opciones pr\u00e1cticas para que sus clientes disfruten sus bi\u00f3nicos desde casa.<\/p>\n<\/div>\n\n\n\n<div class=\"gb-element-0a50f435\">\n<img loading=\"lazy\" decoding=\"async\" width=\"1638\" height=\"2048\" data-media-id=\"38\" class=\"gb-media-5704ac59\" alt=\"\" src=\"https:\/\/bionicoslolita.directorio-comercial.com\/wp-content\/uploads\/2025\/11\/4.jpg\" srcset=\"https:\/\/bionicoslolita.directorio-comercial.com\/wp-content\/uploads\/2025\/11\/4.jpg 1638w, https:\/\/bionicoslolita.directorio-comercial.com\/wp-content\/uploads\/2025\/11\/4-240x300.jpg 240w, https:\/\/bionicoslolita.directorio-comercial.com\/wp-content\/uploads\/2025\/11\/4-819x1024.jpg 819w, https:\/\/bionicoslolita.directorio-comercial.com\/wp-content\/uploads\/2025\/11\/4-768x960.jpg 768w, https:\/\/bionicoslolita.directorio-comercial.com\/wp-content\/uploads\/2025\/11\/4-1229x1536.jpg 1229w\" sizes=\"auto, (max-width: 1638px) 100vw, 1638px\" \/>\n<\/div>\n<\/div>\n<\/div>\n\n\n\n<div>\n<div class=\"gb-element-c684d3d9\"><\/div>\n<\/div>\n\n\n\n<div>\n<div class=\"gb-element-c80670e8\"><\/div>\n<\/div>\n<\/div>\n","protected":false},"excerpt":{"rendered":"<p>S\u00faper Bi\u00f3nicos Lolita S\u00faper Bi\u00f3nicos Lolita ofrece deliciosos bi\u00f3nicos preparados con fruta fresca, combinados con su crema especial y complementos como granola y miel, creando un antojo dulce y refrescante. Atienden directamente en su local ubicado en el centro de Pabell\u00f3n de Arteaga y cuentan con horario vespertino todos los d\u00edas. Tambi\u00e9n ofrecen pedidos para [&hellip;]<\/p>\n","protected":false},"author":1,"featured_media":0,"parent":0,"menu_order":0,"comment_status":"closed","ping_status":"closed","template":"page-no-title","meta":{"_acf_changed":false,"footnotes":""},"class_list":["post-15","page","type-page","status-publish","hentry"],"acf":[],"_links":{"self":[{"href":"https:\/\/bionicoslolita.directorio-comercial.com\/index.php?rest_route=\/wp\/v2\/pages\/15","targetHints":{"allow":["GET"]}}],"collection":[{"href":"https:\/\/bionicoslolita.directorio-comercial.com\/index.php?rest_route=\/wp\/v2\/pages"}],"about":[{"href":"https:\/\/bionicoslolita.directorio-comercial.com\/index.php?rest_route=\/wp\/v2\/types\/page"}],"author":[{"embeddable":true,"href":"https:\/\/bionicoslolita.directorio-comercial.com\/index.php?rest_route=\/wp\/v2\/users\/1"}],"replies":[{"embeddable":true,"href":"https:\/\/bionicoslolita.directorio-comercial.com\/index.php?rest_route=%2Fwp%2Fv2%2Fcomments&post=15"}],"version-history":[{"count":5,"href":"https:\/\/bionicoslolita.directorio-comercial.com\/index.php?rest_route=\/wp\/v2\/pages\/15\/revisions"}],"predecessor-version":[{"id":109,"href":"https:\/\/bionicoslolita.directorio-comercial.com\/index.php?rest_route=\/wp\/v2\/pages\/15\/revisions\/109"}],"wp:attachment":[{"href":"https:\/\/bionicoslolita.directorio-comercial.com\/index.php?rest_route=%2Fwp%2Fv2%2Fmedia&parent=15"}],"curies":[{"name":"wp","href":"https:\/\/api.w.org\/{rel}","templated":true}]}}